{"id":36,"date":"2022-08-15T10:35:14","date_gmt":"2022-08-15T10:35:14","guid":{"rendered":"https:\/\/tcxtools.com\/ansheela\/?page_id=36"},"modified":"2022-08-27T20:54:45","modified_gmt":"2022-08-27T20:54:45","slug":"coaching","status":"publish","type":"page","link":"https:\/\/www.ansheela.be\/fr\/coaching\/","title":{"rendered":"Coaching"},"content":{"rendered":"<p>Je propose un accompagnement aux personnes adopt\u00e9es, aux parents adoptifs ou biologiques et aux personnes plac\u00e9es en famille d'accueil. Je me concentre sur <strong>le deuil, l'identit\u00e9 et la perte.<\/strong>J'approfondis le sujet. Je tiens \u00e0 cr\u00e9er un environnement de s\u00e9curit\u00e9.<\/p>\n\n\n\n<p>Je travaille:<\/p>\n\n\n\n<ul class=\"wp-block-list\"><li><strong>Chez moi:<\/strong> Rue de la Station 164, 1457 Walhain<\/li><li><strong>En ligne:<\/strong> Google Meet<\/li><li><strong>En d\u00e9placement:<\/strong> attention, prix sp\u00e9cial (voir ci-dessous)<\/li><\/ul>\n\n\n\n<p><img loading=\"lazy\" decoding=\"async\" width=\"500\" height=\"500\" class=\"wp-image-37\" style=\"width: 500px;\" src=\"https:\/\/tcxtools.com\/ansheela\/wp-content\/uploads\/2022\/08\/An_Sheela_coaching.png\" alt=\"\" srcset=\"https:\/\/www.ansheela.be\/wp-content\/uploads\/2022\/08\/An_Sheela_coaching.png 437w, https:\/\/www.ansheela.be\/wp-content\/uploads\/2022\/08\/An_Sheela_coaching-300x300.png 300w, https:\/\/www.ansheela.be\/wp-content\/uploads\/2022\/08\/An_Sheela_coaching-150x150.png 150w, https:\/\/www.ansheela.be\/wp-content\/uploads\/2022\/08\/An_Sheela_coaching-80x80.png 80w\" sizes=\"auto, (max-width: 500px) 100vw, 500px\" \/><\/p>\n\n\n\n<h4 class=\"wp-block-heading\">Prix<\/h4>\n\n\n\n<ul class=\"wp-block-list\"><li>Coaching individuel: 50 euros\/h<\/li><li>Coaching en groupe: 55 euros\/h<\/li><li>Indemnit\u00e9 de d\u00e9placement (max. 30min aller simple): 0,30 euros\/km<\/li><li>Indemnit\u00e9 de d\u00e9placement (&gt; 30 min. aller simple): prix \u00e0 discuter<\/li><\/ul>","protected":false},"excerpt":{"rendered":"<p>Ik bied coaching aan voor geadopteerden, adoptieouders of geboorteouders en mensen uit de pleegzorg. Mijn aandacht gaat uit naar rouw, identiteit en verlies. Ik verdiep me nog verder in de thematiek. Ik draag een veilige omgeving hoog in het vaandel. Ik werk: Bij mij thuis: Rue de la Station 164, 1457 Walhain Digitaal: Google Meet Op verplaatsing: opgelet, meerprijs! (zie<\/p>","protected":false},"author":1,"featured_media":42,"parent":0,"menu_order":0,"comment_status":"closed","ping_status":"closed","template":"","meta":{"footnotes":""},"class_list":["post-36","page","type-page","status-publish","has-post-thumbnail","hentry"],"_links":{"self":[{"href":"https:\/\/www.ansheela.be\/fr\/wp-json\/wp\/v2\/pages\/36","targetHints":{"allow":["GET"]}}],"collection":[{"href":"https:\/\/www.ansheela.be\/fr\/wp-json\/wp\/v2\/pages"}],"about":[{"href":"https:\/\/www.ansheela.be\/fr\/wp-json\/wp\/v2\/types\/page"}],"author":[{"embeddable":true,"href":"https:\/\/www.ansheela.be\/fr\/wp-json\/wp\/v2\/users\/1"}],"replies":[{"embeddable":true,"href":"https:\/\/www.ansheela.be\/fr\/wp-json\/wp\/v2\/comments?post=36"}],"version-history":[{"count":8,"href":"https:\/\/www.ansheela.be\/fr\/wp-json\/wp\/v2\/pages\/36\/revisions"}],"predecessor-version":[{"id":182,"href":"https:\/\/www.ansheela.be\/fr\/wp-json\/wp\/v2\/pages\/36\/revisions\/182"}],"wp:featuredmedia":[{"embeddable":true,"href":"https:\/\/www.ansheela.be\/fr\/wp-json\/wp\/v2\/media\/42"}],"wp:attachment":[{"href":"https:\/\/www.ansheela.be\/fr\/wp-json\/wp\/v2\/media?parent=36"}],"curies":[{"name":"wp","href":"https:\/\/api.w.org\/{rel}","templated":true}]}}