{"id":6,"date":"2022-08-15T10:10:20","date_gmt":"2022-08-15T10:10:20","guid":{"rendered":"https:\/\/tcxtools.com\/ansheela\/?page_id=6"},"modified":"2022-09-18T22:10:53","modified_gmt":"2022-09-18T22:10:53","slug":"welkom","status":"publish","type":"page","link":"https:\/\/www.ansheela.be\/fr\/","title":{"rendered":"Bienvenue"},"content":{"rendered":"<p><\/p>\n\n\n\n<p>Vous cherchez des cours de conversations creatives  \u00e0 la fa\u00e7on d\u2019An Sheela? Cliquez sur  <em><strong>An<\/strong> Sheela.<\/em><\/p>\n\n\n\n<p><\/p>\n\n\n\n<p>Vous recherchez un accompagnement personnel \u00e0 la fa\u00e7on d'An Sheela? Cliquez sur  <em>An<\/em> <em><strong>Sheela<\/strong><\/em>.<\/p>\n\n\n\n<p><\/p>\n\n\n\n<div class=\"wp-block-columns is-layout-flex wp-container-core-columns-is-layout-9d6595d7 wp-block-columns-is-layout-flex\">\n<div class=\"wp-block-column is-layout-flow wp-block-column-is-layout-flow\">\n<p><a href=\"https:\/\/www.ansheela.be\/fr\/conversatielessen-bijlessen\/\" data-type=\"URL\"><strong>An<\/strong> Sheela Cours de conversation et soutien scolaire<\/a><\/p>\n\n\n\n<p class=\"has-text-align-left\">Cours de conversation et de soutien scolaire sur mesure en fran\u00e7ais ou en n\u00e9erlandais. Les comp\u00e9tences d'expression orale comme oser parler ou se faire comprendre sont essentielles.<\/p>\n\n\n<div class=\"wp-block-image\">\n<figure class=\"aligncenter size-large is-resized\"><a href=\"https:\/\/www.ansheela.be\/fr\/conversatielessen-bijlessen\/\"><img loading=\"lazy\" decoding=\"async\" src=\"https:\/\/tcxtools.com\/ansheela\/wp-content\/uploads\/2022\/08\/praten-1024x707.png\" alt=\"\" class=\"wp-image-147\" width=\"236\" height=\"163\" srcset=\"https:\/\/www.ansheela.be\/wp-content\/uploads\/2022\/08\/praten-1024x707.png 1024w, https:\/\/www.ansheela.be\/wp-content\/uploads\/2022\/08\/praten-300x207.png 300w, https:\/\/www.ansheela.be\/wp-content\/uploads\/2022\/08\/praten-768x530.png 768w, https:\/\/www.ansheela.be\/wp-content\/uploads\/2022\/08\/praten.png 1280w\" sizes=\"auto, (max-width: 236px) 100vw, 236px\" \/><\/a><\/figure>\n<\/div>\n\n\n<p class=\"has-text-align-center\">Pour plus d'informations <em><strong><a href=\"https:\/\/www.ansheela.be\/fr\/conversatielessen-bijlessen\/\">ici<\/a><\/strong><\/em>.<\/p>\n<\/div>\n\n\n\n<div class=\"wp-block-column is-layout-flow wp-block-column-is-layout-flow\">\n<p><a href=\"https:\/\/www.ansheela.be\/fr\/coaching\/\" data-type=\"URL\">An <strong>Sheela <\/strong>Coaching <\/a><\/p>\n\n\n\n<p class=\"has-text-align-left\"><strong>Coaching <\/strong>au service de l'adoption et du placement familial. Je me concentre sur le deuil, l'identit\u00e9, la perte et la connexion.  <\/p>\n\n\n\n<p class=\"has-text-align-center\"><a href=\"https:\/\/www.ansheela.be\/fr\/coaching\/\"><img loading=\"lazy\" decoding=\"async\" width=\"215\" height=\"215\" class=\"wp-image-37\" style=\"width: 215px;\" src=\"https:\/\/tcxtools.com\/ansheela\/wp-content\/uploads\/2022\/08\/An_Sheela_coaching.png\" alt=\"\" srcset=\"https:\/\/www.ansheela.be\/wp-content\/uploads\/2022\/08\/An_Sheela_coaching.png 437w, https:\/\/www.ansheela.be\/wp-content\/uploads\/2022\/08\/An_Sheela_coaching-300x300.png 300w, https:\/\/www.ansheela.be\/wp-content\/uploads\/2022\/08\/An_Sheela_coaching-150x150.png 150w, https:\/\/www.ansheela.be\/wp-content\/uploads\/2022\/08\/An_Sheela_coaching-80x80.png 80w\" sizes=\"auto, (max-width: 215px) 100vw, 215px\" \/><\/a><\/p>\n\n\n\n<p class=\"has-text-align-center\">Pour plus d'informations <strong><a href=\"https:\/\/www.ansheela.be\/fr\/coaching\/\">ici<\/a><\/strong>.<\/p>\n<\/div>\n<\/div>\n\n\n\n<p>Voulez-vous en savoir plus sur An Sheela elle-m\u00eame ? <a href=\"https:\/\/www.ansheela.be\/fr\/wie-ben-ik\/\" data-type=\"URL\">Cliquez ici<\/a><strong>.<\/strong><\/p>\n\n\n\n<p>An Sheela Jacobs<\/p>","protected":false},"excerpt":{"rendered":"<p>Ben je op zoek naar drempelverlagende creatieve conversatielessen? Klik op An Sheela. Ben je op zoek naar begeleiding in de vorm van Coaching? Klik op An Sheela. An Sheela Conversatielessen en bijlessen Conversatielessen en bijlessen op maat, in het Frans of Nederlands. Spreekdurf staat centraal. Meer info vind je hier. An Sheela Coaching Coaching ten dienste van adoptie en pleegzorg.<\/p>","protected":false},"author":1,"featured_media":239,"parent":0,"menu_order":0,"comment_status":"closed","ping_status":"closed","template":"","meta":{"footnotes":""},"class_list":["post-6","page","type-page","status-publish","has-post-thumbnail","hentry"],"_links":{"self":[{"href":"https:\/\/www.ansheela.be\/fr\/wp-json\/wp\/v2\/pages\/6","targetHints":{"allow":["GET"]}}],"collection":[{"href":"https:\/\/www.ansheela.be\/fr\/wp-json\/wp\/v2\/pages"}],"about":[{"href":"https:\/\/www.ansheela.be\/fr\/wp-json\/wp\/v2\/types\/page"}],"author":[{"embeddable":true,"href":"https:\/\/www.ansheela.be\/fr\/wp-json\/wp\/v2\/users\/1"}],"replies":[{"embeddable":true,"href":"https:\/\/www.ansheela.be\/fr\/wp-json\/wp\/v2\/comments?post=6"}],"version-history":[{"count":19,"href":"https:\/\/www.ansheela.be\/fr\/wp-json\/wp\/v2\/pages\/6\/revisions"}],"predecessor-version":[{"id":217,"href":"https:\/\/www.ansheela.be\/fr\/wp-json\/wp\/v2\/pages\/6\/revisions\/217"}],"wp:featuredmedia":[{"embeddable":true,"href":"https:\/\/www.ansheela.be\/fr\/wp-json\/wp\/v2\/media\/239"}],"wp:attachment":[{"href":"https:\/\/www.ansheela.be\/fr\/wp-json\/wp\/v2\/media?parent=6"}],"curies":[{"name":"wp","href":"https:\/\/api.w.org\/{rel}","templated":true}]}}